{"id":1994,"date":"2026-01-02T17:59:31","date_gmt":"2026-01-02T17:59:31","guid":{"rendered":"https:\/\/gopslubniany.pl\/?page_id=1994"},"modified":"2026-01-02T18:01:45","modified_gmt":"2026-01-02T18:01:45","slug":"lista-jednostek-nieodplatnego-poradnictwa-i-wykaz-punktow-darmowej-pomocy-prawnej-2026","status":"publish","type":"page","link":"http:\/\/gopslubniany.pl\/index.php\/lista-jednostek-nieodplatnego-poradnictwa-i-wykaz-punktow-darmowej-pomocy-prawnej-2026\/","title":{"rendered":"Lista jednostek nieodp\u0142atnego poradnictwa i wykaz punkt\u00f3w darmowej pomocy prawnej \u2013 2026"},"content":{"rendered":"\n<div style=\"height:40px\" aria-hidden=\"true\" class=\"wp-block-spacer\"><\/div>\n\n\n\n<div class=\"wp-block-media-text is-stacked-on-mobile\"><figure class=\"wp-block-media-text__media\"><img loading=\"lazy\" decoding=\"async\" width=\"908\" height=\"584\" src=\"https:\/\/gopslubniany.pl\/wp-content\/uploads\/2026\/01\/pomocprawna.jpg\" alt=\"\" class=\"wp-image-2000 size-full\" srcset=\"http:\/\/gopslubniany.pl\/wp-content\/uploads\/2026\/01\/pomocprawna.jpg 908w, http:\/\/gopslubniany.pl\/wp-content\/uploads\/2026\/01\/pomocprawna-300x193.jpg 300w, http:\/\/gopslubniany.pl\/wp-content\/uploads\/2026\/01\/pomocprawna-768x494.jpg 768w, http:\/\/gopslubniany.pl\/wp-content\/uploads\/2026\/01\/pomocprawna-825x531.jpg 825w, http:\/\/gopslubniany.pl\/wp-content\/uploads\/2026\/01\/pomocprawna-600x386.jpg 600w, http:\/\/gopslubniany.pl\/wp-content\/uploads\/2026\/01\/pomocprawna-400x257.jpg 400w\" sizes=\"auto, (max-width: 908px) 100vw, 908px\" \/><\/figure><div class=\"wp-block-media-text__content\">\n<p class=\"has-text-align-center has-medium-font-size\"><strong>Nieodp\u0142atna pomoc prawna, poradnictwo obywatelskie i mediacja<\/strong><\/p>\n\n\n\n<p>\u015awiadczenia te przys\u0142uguj\u0105 wszystkim osobom zainteresowanym, kt\u00f3re nie s\u0105 w&nbsp;stanie ponie\u015b\u0107 koszt\u00f3w odp\u0142atnej pomocy prawnej, w tym osobie fizycznej prowadz\u0105cej jednoosobow\u0105 dzia\u0142alno\u015b\u0107 gospodarcz\u0105 niezatrudniaj\u0105c\u0105 innych os\u00f3b w ci\u0105gu ostatniego roku, po z\u0142o\u017ceniu pisemnego o\u015bwiadczenia (wz\u00f3r poni\u017cej), osobie udzielaj\u0105cej porady.<\/p>\n<\/div><\/div>\n\n\n\n<div style=\"height:35px\" aria-hidden=\"true\" class=\"wp-block-spacer\"><\/div>\n\n\n<div class=\"wp-block-image\">\n<figure class=\"aligncenter size-large\"><a href=\"https:\/\/gopslubniany.pl\/wp-content\/uploads\/2026\/01\/oswpomnie.jpg\" target=\"_blank\" rel=\" noreferrer noopener\"><img loading=\"lazy\" decoding=\"async\" width=\"1024\" height=\"306\" src=\"https:\/\/gopslubniany.pl\/wp-content\/uploads\/2026\/01\/oswpomnie-1024x306.jpg\" alt=\"\" class=\"wp-image-1995\" srcset=\"http:\/\/gopslubniany.pl\/wp-content\/uploads\/2026\/01\/oswpomnie-1024x306.jpg 1024w, http:\/\/gopslubniany.pl\/wp-content\/uploads\/2026\/01\/oswpomnie-300x90.jpg 300w, http:\/\/gopslubniany.pl\/wp-content\/uploads\/2026\/01\/oswpomnie-768x230.jpg 768w, http:\/\/gopslubniany.pl\/wp-content\/uploads\/2026\/01\/oswpomnie-1536x459.jpg 1536w, http:\/\/gopslubniany.pl\/wp-content\/uploads\/2026\/01\/oswpomnie-825x247.jpg 825w, http:\/\/gopslubniany.pl\/wp-content\/uploads\/2026\/01\/oswpomnie-1920x574.jpg 1920w, http:\/\/gopslubniany.pl\/wp-content\/uploads\/2026\/01\/oswpomnie-600x179.jpg 600w, http:\/\/gopslubniany.pl\/wp-content\/uploads\/2026\/01\/oswpomnie-400x120.jpg 400w, http:\/\/gopslubniany.pl\/wp-content\/uploads\/2026\/01\/oswpomnie.jpg 1954w\" sizes=\"auto, (max-width: 1024px) 100vw, 1024px\" \/><\/a><\/figure><\/div>\n\n\n<div style=\"height:35px\" aria-hidden=\"true\" class=\"wp-block-spacer\"><\/div>\n\n\n\n<p>Darmowych porad prawnych udzielaj\u0105 adwokaci i radcowie prawni, natomiast porad obywatelskich \u2013 osoby posiadaj\u0105ce wiedz\u0119 i&nbsp;umiej\u0119tno\u015bci z zakresu \u015bwiadczenia poradnictwa obywatelskiego. Nieodp\u0142atn\u0105 mediacj\u0119 prowadzi mediator.<\/p>\n\n\n\n<p class=\"has-medium-font-size\"><strong>Nieodp\u0142atna pomoc prawna obejmuje:<\/strong><\/p>\n\n\n\n<ol class=\"wp-block-list\">\n<li>poinformowanie osoby, o obowi\u0105zuj\u0105cym stanie prawnym oraz o&nbsp;przys\u0142uguj\u0105cych jej uprawnieniach lub o spoczywaj\u0105cych na niej obowi\u0105zkach, w tym w zwi\u0105zku z&nbsp;tocz\u0105cym si\u0119 post\u0119powaniem przygotowawczym, administracyjnym, s\u0105dowym lub s\u0105dowo-administracyjnym,&nbsp;<\/li>\n\n\n\n<li>wskazanie sposobu rozwi\u0105zania problemu prawnego,&nbsp;<\/li>\n\n\n\n<li>sporz\u0105dzenie projektu pisma w sprawach, o kt\u00f3rych mowa w&nbsp;punkcie 1 i&nbsp;2, z&nbsp;wy\u0142\u0105czeniem pism procesowych w tocz\u0105cym si\u0119 post\u0119powaniu przygotowawczym lub s\u0105dowym i pism w&nbsp;tocz\u0105cym si\u0119 post\u0119powaniu s\u0105dowo-administracyjnym,&nbsp;<\/li>\n\n\n\n<li>nieodp\u0142atn\u0105 mediacj\u0119,<\/li>\n\n\n\n<li>sporz\u0105dzenie projektu pisma o zwolnienie od koszt\u00f3w s\u0105dowych lub ustanowienie pe\u0142nomocnika z urz\u0119du w post\u0119powaniu s\u0105dowym lub ustanowienie adwokata, radcy prawnego, doradcy podatkowego lub rzecznika patentowego w&nbsp;post\u0119powaniu s\u0105dowo-administracyjnym oraz poinformowanie o&nbsp;kosztach post\u0119powania i ryzyku finansowym zwi\u0105zanym ze skierowaniem sprawy na drog\u0119 s\u0105dow\u0105.<\/li>\n<\/ol>\n\n\n\n<p><strong>Nieodp\u0142atne poradnictwo obywatelskie<\/strong> <strong>obejmuje<\/strong> dzia\u0142ania dostosowane do indywidualnej sytuacji osoby zg\u0142aszaj\u0105cej si\u0119 po porad\u0119, zmierzaj\u0105ce do podniesienia \u015bwiadomo\u015bci tej osoby o&nbsp;przys\u0142uguj\u0105cych jej uprawnieniach lub spoczywaj\u0105cych na niej obowi\u0105zkach oraz wsparcia w samodzielnym rozwi\u0105zywaniu problemu, w tym, w razie potrzeby, sporz\u0105dzenie wsp\u00f3lnie planu dzia\u0142ania i pomoc w jego realizacji.&nbsp;<\/p>\n\n\n\n<p>Nieodp\u0142atne poradnictwo obywatelskie obejmuje w szczeg\u00f3lno\u015bci porady dla os\u00f3b zad\u0142u\u017conych i porady z zakresu spraw mieszkaniowych oraz zabezpieczenia spo\u0142ecznego. Nieodp\u0142atne poradnictwo obywatelskie obejmuje r\u00f3wnie\u017c nieodp\u0142atn\u0105 mediacj\u0119.<\/p>\n\n\n\n<p class=\"has-medium-font-size\"><strong>Nieodp\u0142atna mediacja obejmuje:<\/strong><\/p>\n\n\n\n<ol class=\"wp-block-list\">\n<li>poinformowanie osoby uprawnionej o mo\u017cliwo\u015bciach skorzystania z polubownych metod rozwi\u0105zywania spor\u00f3w, w szczeg\u00f3lno\u015bci mediacji oraz korzy\u015bciach z tego wynikaj\u0105cych,<\/li>\n\n\n\n<li>przygotowanie projektu umowy o mediacj\u0119 lub wniosku o przeprowadzenie mediacji,<\/li>\n\n\n\n<li>przygotowanie projektu wniosku o przeprowadzenie post\u0119powania mediacyjnego w sprawie karnej,<\/li>\n\n\n\n<li>przeprowadzenie mediacji,<\/li>\n\n\n\n<li>udzielenie pomocy w sporz\u0105dzeniu do s\u0105du wniosku o zatwierdzenie ugody przed mediatorem.<\/li>\n<\/ol>\n\n\n\n<p><strong>Nieodp\u0142atna mediacja<\/strong> <strong>nie obejmuje<\/strong> spraw, w kt\u00f3rych s\u0105d lub inny organ wyda\u0142y postanowienie o skierowaniu sprawy&nbsp; do mediacji lub post\u0119powania mediacyjnego b\u0105d\u017a zachodzi uzasadnione podejrzenie, \u017ce w relacji stron wyst\u0119puje przemoc.<\/p>\n\n\n\n<p>Porady udzielane s\u0105 stacjonarnie (w punkcie) lub za po\u015brednictwem \u015brodk\u00f3w porozumiewania si\u0119 na odleg\u0142o\u015b\u0107 (np. telefonicznie). Udzielanie porad odbywa si\u0119 wed\u0142ug kolejno\u015bci zg\u0142osze\u0144, po telefonicznym um\u00f3wieniu terminu wizyty. Rejestracja pod numerem <strong>77 5415169, &nbsp;<\/strong> lub przez internet &nbsp; <strong>np.ms.gov.pl<\/strong><\/p>\n\n\n\n<p>Z wa\u017cnych powod\u00f3w dopuszcza si\u0119 ustalenie innej kolejno\u015bci udzielania porad. Poza kolejno\u015bci\u0105 przyjmowane s\u0105 kobiety w ci\u0105\u017cy.<\/p>\n\n\n\n<p>Osobom ze znaczn\u0105 niepe\u0142nosprawno\u015bci\u0105 ruchow\u0105, kt\u00f3re nie mog\u0105 stawi\u0107 si\u0119 w punkcie osobi\u015bcie oraz osobom do\u015bwiadczaj\u0105cym trudno\u015bci w komunikowaniu si\u0119, mo\u017ce by\u0107 udzielana nieodp\u0142atna pomoc prawna lub \u015bwiadczone nieodp\u0142atne poradnictwo obywatelskie tak\u017ce poza punktem (np. w miejscu zamieszkania).<\/p>\n\n\n\n<p>Osoby, kt\u00f3re skorzysta\u0142y z nieodp\u0142atnej pomocy prawnej lub nieodp\u0142atnego poradnictwa obywatelskiego mog\u0105 wyrazi\u0107 bezpo\u015brednio po udzielonej pomocy <strong>anonimow\u0105 opini\u0119. <\/strong>W tym celu nale\u017cy wype\u0142ni\u0107 w postaci papierowej lub elektronicznej <strong>\u201eKart\u0119 pomocy \u2013 cz\u0119\u015b\u0107 B\u201d<\/strong>. Opini\u0119 nale\u017cy wrzuci\u0107 do zawieszonej na \u015bcianie skrzynki pocztowej z&nbsp;napisem <strong>\u201eOPINIE\u201d, <\/strong>przekaza\u0107 w dowolnym terminie do Starostwa Powiatowego w&nbsp;Opolu listownie na adres urz\u0119du:&nbsp;<\/p>\n\n\n\n<p>Starostwo Powiatowe w Opolu, Wydzia\u0142 Edukacji i Spraw Spo\u0142ecznych, ul.&nbsp;1 Maja 29, 45-068 Opole, mailem&nbsp;<a href=\"mailto:pomocprawna@powiatopolski.pl\">pomocprawna@powiatopolski.pl<\/a> &nbsp; lub telefonicznie pod nr&nbsp;77&nbsp;5415169.&nbsp;<\/p>\n\n\n\n<p>Wi\u0119cej informacji na stronie <a href=\"http:\/\/www.powiatopolski.pl\">www.powiatopolski.pl<\/a> zak\u0142adka \u201eDarmowa pomoc prawna, edukacja prawna\u201d<\/p>\n\n\n\n<div style=\"height:35px\" aria-hidden=\"true\" class=\"wp-block-spacer\"><\/div>\n\n\n\n<div class=\"wp-block-file\"><a id=\"wp-block-file--media-2be0663b-649d-45e2-98be-b38f7a5e2b1c\" href=\"https:\/\/gopslubniany.pl\/wp-content\/uploads\/2026\/01\/Info-na-tablice-2026.doc\" target=\"_blank\" rel=\"noreferrer noopener\">Informacje<\/a><a href=\"https:\/\/gopslubniany.pl\/wp-content\/uploads\/2026\/01\/Info-na-tablice-2026.doc\" class=\"wp-block-file__button wp-element-button\" download aria-describedby=\"wp-block-file--media-2be0663b-649d-45e2-98be-b38f7a5e2b1c\">Pobierz<\/a><\/div>\n\n\n\n<div class=\"wp-block-file\"><a id=\"wp-block-file--media-ec311b63-a1cb-4e4f-b106-dd3945444c88\" href=\"https:\/\/gopslubniany.pl\/wp-content\/uploads\/2026\/01\/wykaz-punktow-2026.doc\" target=\"_blank\" rel=\"noreferrer noopener\">Wykaz punkt\u00f3w<\/a><a href=\"https:\/\/gopslubniany.pl\/wp-content\/uploads\/2026\/01\/wykaz-punktow-2026.doc\" class=\"wp-block-file__button wp-element-button\" download aria-describedby=\"wp-block-file--media-ec311b63-a1cb-4e4f-b106-dd3945444c88\">Pobierz<\/a><\/div>\n\n\n\n<div class=\"wp-block-file\"><a id=\"wp-block-file--media-1ed32573-5b6a-4ca6-8108-71952f0ba53a\" href=\"https:\/\/gopslubniany.pl\/wp-content\/uploads\/2026\/01\/Jednostki-nieodplatnego-poradnictwa-2026.doc\" target=\"_blank\" rel=\"noreferrer noopener\">Jednostki nieodp\u0142atnego poradnictwa<\/a><a href=\"https:\/\/gopslubniany.pl\/wp-content\/uploads\/2026\/01\/Jednostki-nieodplatnego-poradnictwa-2026.doc\" class=\"wp-block-file__button wp-element-button\" download aria-describedby=\"wp-block-file--media-1ed32573-5b6a-4ca6-8108-71952f0ba53a\">Pobierz<\/a><\/div>\n\n\n\n<div style=\"height:35px\" aria-hidden=\"true\" class=\"wp-block-spacer\"><\/div>\n","protected":false},"excerpt":{"rendered":"<p>Nieodp\u0142atna pomoc prawna, poradnictwo obywatelskie i mediacja \u015awiadczenia te przys\u0142uguj\u0105 wszystkim osobom zainteresowanym, kt\u00f3re nie s\u0105 w&nbsp;stanie ponie\u015b\u0107 koszt\u00f3w odp\u0142atnej pomocy prawnej, w tym osobie fizycznej prowadz\u0105cej jednoosobow\u0105 dzia\u0142alno\u015b\u0107 gospodarcz\u0105&hellip;<a href=\"http:\/\/gopslubniany.pl\/index.php\/lista-jednostek-nieodplatnego-poradnictwa-i-wykaz-punktow-darmowej-pomocy-prawnej-2026\/\" class=\"more-link\"><span class=\"more-button\">Wi\u0119cej informacji<span class=\"screen-reader-text\">Lista jednostek nieodp\u0142atnego poradnictwa i wykaz punkt\u00f3w darmowej pomocy prawnej \u2013 2026<\/span><\/span><\/a><\/p>\n","protected":false},"author":1,"featured_media":0,"parent":0,"menu_order":0,"comment_status":"closed","ping_status":"closed","template":"","meta":{"footnotes":""},"class_list":["post-1994","page","type-page","status-publish","hentry"],"_links":{"self":[{"href":"http:\/\/gopslubniany.pl\/index.php\/wp-json\/wp\/v2\/pages\/1994","targetHints":{"allow":["GET"]}}],"collection":[{"href":"http:\/\/gopslubniany.pl\/index.php\/wp-json\/wp\/v2\/pages"}],"about":[{"href":"http:\/\/gopslubniany.pl\/index.php\/wp-json\/wp\/v2\/types\/page"}],"author":[{"embeddable":true,"href":"http:\/\/gopslubniany.pl\/index.php\/wp-json\/wp\/v2\/users\/1"}],"replies":[{"embeddable":true,"href":"http:\/\/gopslubniany.pl\/index.php\/wp-json\/wp\/v2\/comments?post=1994"}],"version-history":[{"count":4,"href":"http:\/\/gopslubniany.pl\/index.php\/wp-json\/wp\/v2\/pages\/1994\/revisions"}],"predecessor-version":[{"id":2005,"href":"http:\/\/gopslubniany.pl\/index.php\/wp-json\/wp\/v2\/pages\/1994\/revisions\/2005"}],"wp:attachment":[{"href":"http:\/\/gopslubniany.pl\/index.php\/wp-json\/wp\/v2\/media?parent=1994"}],"curies":[{"name":"wp","href":"https:\/\/api.w.org\/{rel}","templated":true}]}}