{"id":10,"date":"2022-01-03T19:43:05","date_gmt":"2022-01-03T19:43:05","guid":{"rendered":"http:\/\/gopslubniany.pl\/?page_id=10"},"modified":"2026-02-02T18:43:42","modified_gmt":"2026-02-02T18:43:42","slug":"kontakt","status":"publish","type":"page","link":"https:\/\/gopslubniany.pl\/index.php\/kontakt\/","title":{"rendered":"Kontakt"},"content":{"rendered":"\n<div style=\"height:50px\" aria-hidden=\"true\" class=\"wp-block-spacer\"><\/div>\n\n\n\n<blockquote class=\"wp-block-quote has-text-align-center is-style-large is-layout-flow wp-block-quote-is-layout-flow\">\n<p><strong>Gminny O\u015brodek Pomocy Spo\u0142ecznej w \u0141ubnianach<\/strong><\/p>\n\n\n\n<p><em>46-024 \u0141ubniany, ul. Opolska 53a<\/em><\/p>\n<\/blockquote>\n\n\n\n<div style=\"height:50px\" aria-hidden=\"true\" class=\"wp-block-spacer\"><\/div>\n\n\n\n<hr class=\"wp-block-separator has-text-color has-black-color has-css-opacity has-black-background-color has-background is-style-wide\"\/>\n\n\n\n<blockquote class=\"wp-block-quote has-text-align-center is-style-large is-layout-flow wp-block-quote-is-layout-flow\">\n<p>Godziny pracy:<\/p>\n<\/blockquote>\n\n\n\n<p class=\"has-text-align-center\" style=\"font-size:18px\">poniedzia\u0142ek: 8.00-16.00<\/p>\n\n\n\n<p class=\"has-text-align-center\" style=\"font-size:18px\">wtorek-pi\u0105tek: 7.00-15.00<\/p>\n\n\n\n<hr class=\"wp-block-separator has-text-color has-black-color has-css-opacity has-black-background-color has-background is-style-wide\"\/>\n\n\n\n<p><\/p>\n\n\n\n<div style=\"height:45px\" aria-hidden=\"true\" class=\"wp-block-spacer\"><\/div>\n\n\n\n<div class=\"wp-block-media-text alignwide is-stacked-on-mobile\" style=\"grid-template-columns:31% auto\"><figure class=\"wp-block-media-text__media\"><img loading=\"lazy\" decoding=\"async\" width=\"512\" height=\"512\" src=\"http:\/\/gopslubniany.pl\/wp-content\/uploads\/2022\/01\/15895.png\" alt=\"\" class=\"wp-image-180 size-full\" srcset=\"https:\/\/gopslubniany.pl\/wp-content\/uploads\/2022\/01\/15895.png 512w, https:\/\/gopslubniany.pl\/wp-content\/uploads\/2022\/01\/15895-300x300.png 300w, https:\/\/gopslubniany.pl\/wp-content\/uploads\/2022\/01\/15895-100x100.png 100w, https:\/\/gopslubniany.pl\/wp-content\/uploads\/2022\/01\/15895-150x150.png 150w, https:\/\/gopslubniany.pl\/wp-content\/uploads\/2022\/01\/15895-400x400.png 400w\" sizes=\"auto, (max-width: 512px) 100vw, 512px\" \/><\/figure><div class=\"wp-block-media-text__content\">\n<figure class=\"wp-block-table is-style-stripes\"><table><tbody><tr><td>Centrala:<\/td><td><strong>77 421 19 58<\/strong><\/td><\/tr><tr><td><\/td><td><\/td><\/tr><tr><td>Kierownik<\/td><td>w. 23<\/td><\/tr><tr><td>Ksi\u0119gowo\u015b\u0107<\/td><td>w. 22<\/td><\/tr><tr><td>Pracownicy socjalni<\/td><td>w. 21<\/td><\/tr><tr><td>Fundusz alimentacyjny<\/td><td>w. 24<\/td><\/tr><tr><td>\u015awiadczenia rodzinne<\/td><td>w. 24<\/td><\/tr><tr><td>Rodzina 500+<\/td><td>w. 24<\/td><\/tr><tr><td>FAX<\/td><td>w. 25<\/td><\/tr><tr><td>Czyste powietrze<\/td><td>w. 24<\/td><\/tr><tr><td>Dodatek os\u0142onowy<\/td><td>w. 24<\/td><\/tr><tr><td>Dodatek mieszkaniowy<\/td><td>w. 24<\/td><\/tr><tr><td>Dodatek energetyczny<\/td><td>w. 24<\/td><\/tr><tr><td>Stypendia<\/td><td>w. 24<\/td><\/tr><tr><td>Karta du\u017cej rodziny<\/td><td>w. 24<\/td><\/tr><tr><td>Opolska karta rodziny i seniora<\/td><td>w. 24<\/td><\/tr><tr><td>Transport Door-to-Door<\/td><td>797 763 218<\/td><\/tr><tr><td>Dom Dziennego Pobytu w Biadaczu<\/td><td>510 508 604<\/td><\/tr><\/tbody><\/table><\/figure>\n<\/div><\/div>\n\n\n\n<div style=\"height:50px\" aria-hidden=\"true\" class=\"wp-block-spacer\"><\/div>\n\n\n\n<blockquote class=\"wp-block-quote has-text-align-center is-style-large is-layout-flow wp-block-quote-is-layout-flow\">\n<p>STRUKTURA ORGANIZACYJNA<\/p>\n<\/blockquote>\n\n\n\n<figure class=\"wp-block-table alignwide is-style-stripes\"><table><thead><tr><th class=\"has-text-align-right\" data-align=\"right\">Stanowisko \/ Zakres<\/th><th class=\"has-text-align-center\" data-align=\"center\">Imi\u0119 i Nazwisko<\/th><th><strong>E-MAIL \/ telefon<\/strong><\/th><\/tr><\/thead><tbody><tr><td class=\"has-text-align-right\" data-align=\"right\">Kierownik<\/td><td class=\"has-text-align-center\" data-align=\"center\">Agata Nalewaja<\/td><td><a href=\"mailto:kierownik.gops@lubniany.pl\">kierownik.gops@lubniany.pl<\/a><\/td><\/tr><tr><td class=\"has-text-align-right\" data-align=\"right\">G\u0142\u00f3wna ksi\u0119gowa<\/td><td class=\"has-text-align-center\" data-align=\"center\">Anna Bienias<\/td><td><a href=\"mailto:a.bienias@gopslubniany.pl\">a.bienias@gopslubniany.pl<\/a><\/td><\/tr><tr><td class=\"has-text-align-right\" data-align=\"right\">Z-ca G\u0142\u00f3wnej Ksi\u0119gowej<\/td><td class=\"has-text-align-center\" data-align=\"center\">Agnieszka Gaertner<\/td><td><a href=\"mailto:a.gaertner@gopslubniany.pl\">a.gaertner@gopslubniany.pl<\/a><\/td><\/tr><tr><td class=\"has-text-align-right\" data-align=\"right\">Pracownicy socjalni<\/td><td class=\"has-text-align-center\" data-align=\"center\">Regina Polok<\/td><td><a href=\"mailto:r.polok@gopslubniany.pl\">r.polok@gopslubniany.pl<\/a><br>rejon: Je\u0142owa, Kobylno, Grabie, D\u0105br\u00f3wka \u0141ubnia\u0144ska<\/td><\/tr><tr><td class=\"has-text-align-right\" data-align=\"right\"><\/td><td class=\"has-text-align-center\" data-align=\"center\">Marta Koz\u0142owska<\/td><td><a href=\"mailto:m.kozlowska@gopslubniany.pl\">m.kozlowska@gopslubniany.pl<\/a>\u00a0<br>rejon: \u0141ubniany, Kolanowice, Luboszyce, &#8222;Korpus Wsparcia Senior\u00f3w&#8221;<\/td><\/tr><tr><td class=\"has-text-align-right\" data-align=\"right\"><\/td><td class=\"has-text-align-center\" data-align=\"center\">Ewa Peciak<\/td><td><a href=\"mailto:e.peciak@gopslubniany.pl\">e.peciak@gopslubniany.pl<\/a><br>rejon: Brynica, Mas\u00f3w, Biadacz, K\u0119pa&nbsp;<\/td><\/tr><tr><td class=\"has-text-align-right\" data-align=\"right\">Kadry<br>Koordynator ds. dost\u0119pno\u015bci<\/td><td class=\"has-text-align-center\" data-align=\"center\">Dagmara Bednarz<\/td><td><a href=\"mailto:d.bednarz@gopslubniany.pl\">d.bednarz@gopslubniany.pl<\/a><\/td><\/tr><tr><td class=\"has-text-align-right\" data-align=\"right\">\u015awiadczenia rodzinne<br>\u015awiadczenie wychowawcze 500+<br>Program \u201eCzyste powietrze\u201d \u2013 za\u015bwiadczenia<\/td><td class=\"has-text-align-center\" data-align=\"center\">Ma\u0142gorzata Wiench<\/td><td><a href=\"mailto:m.wiench@gopslubniany.pl\">m.wiench@gopslubniany.pl<\/a><\/td><\/tr><tr><td class=\"has-text-align-right\" data-align=\"right\">Fundusz alimentacyjny<br>Dodatki mieszkaniowe&nbsp;<br>Stypendia szkolne<br>Karta Du\u017cej Rodziny,&nbsp;<br>Opolska Karta Seniora<\/td><td class=\"has-text-align-center\" data-align=\"center\">Ma\u0142gorzata Wiench<\/td><td><a href=\"mailto:m.wiench@gopslubniany.pl\">m.wiench@gopslubniany.pl<\/a><\/td><\/tr><tr><td class=\"has-text-align-right\" data-align=\"right\">Opieka Wytchnieniowa<br>Programy:<br>Asystent Osobisty Osoby z Niepe\u0142nosprawno\u015bci\u0105<br>&#8222;Nie sami dzielni&#8221;\u00a0<\/td><td class=\"has-text-align-center\" data-align=\"center\">Ma\u0142gorzata Stotko<\/td><td><a href=\"mailto:m.stotko@gopslubniany.pl\">m.stotko@gopslubniany.pl<\/a><\/td><\/tr><tr><td class=\"has-text-align-right\" data-align=\"right\">Asystent rodziny<\/td><td class=\"has-text-align-center\" data-align=\"center\">Anna Smirnow<\/td><td><a href=\"mailto:a.smirnow@gopslubniany.pl\">a.smirnow@gopslubniany.pl<\/a><\/td><\/tr><tr><td class=\"has-text-align-right\" data-align=\"right\">Koordynator transportu<br>(kierowca)<\/td><td class=\"has-text-align-center\" data-align=\"center\">Roman Brzoza<\/td><td>797&nbsp;763&nbsp;218&nbsp;<\/td><\/tr><tr><td class=\"has-text-align-right\" data-align=\"right\">Terapeuta zaj\u0119ciowy<\/td><td class=\"has-text-align-center\" data-align=\"center\">Sabina Karwat<\/td><td><a href=\"mailto:ddp.biadacz.gops@lubniany.pl\">ddp.biadacz.gops@lubniany.pl<\/a><\/td><\/tr><tr><td class=\"has-text-align-right\" data-align=\"right\">Opiekunki<\/td><td class=\"has-text-align-center\" data-align=\"center\">Ewa Moczko<br>Ma\u0142gorzata Szymaszek<br>Bo\u017cena Trzeciak<\/td><td><\/td><\/tr><tr><td class=\"has-text-align-right\" data-align=\"right\">Zesp\u00f3\u0142 Interdyscyplinarny<\/td><td class=\"has-text-align-center\" data-align=\"center\">Przewodnicz\u0105ca &#8211; Anna Smirnow<\/td><td><\/td><\/tr><\/tbody><\/table><\/figure>\n\n\n\n<div style=\"height:40px\" aria-hidden=\"true\" class=\"wp-block-spacer\"><\/div>\n\n\n<div class=\"wp-block-image\">\n<figure class=\"aligncenter size-large\"><a href=\"https:\/\/goo.gl\/maps\/Cdd566MRBRtH1R28A\" target=\"_blank\" rel=\"noopener\"><img loading=\"lazy\" decoding=\"async\" width=\"1024\" height=\"809\" src=\"http:\/\/gopslubniany.pl\/wp-content\/uploads\/2022\/01\/mapa-1024x809.jpg\" alt=\"\" class=\"wp-image-195\" srcset=\"https:\/\/gopslubniany.pl\/wp-content\/uploads\/2022\/01\/mapa-1024x809.jpg 1024w, https:\/\/gopslubniany.pl\/wp-content\/uploads\/2022\/01\/mapa-600x474.jpg 600w, https:\/\/gopslubniany.pl\/wp-content\/uploads\/2022\/01\/mapa-300x237.jpg 300w, https:\/\/gopslubniany.pl\/wp-content\/uploads\/2022\/01\/mapa-768x607.jpg 768w, https:\/\/gopslubniany.pl\/wp-content\/uploads\/2022\/01\/mapa-1536x1213.jpg 1536w, https:\/\/gopslubniany.pl\/wp-content\/uploads\/2022\/01\/mapa-785x620.jpg 785w, https:\/\/gopslubniany.pl\/wp-content\/uploads\/2022\/01\/mapa-1266x1000.jpg 1266w, https:\/\/gopslubniany.pl\/wp-content\/uploads\/2022\/01\/mapa-400x316.jpg 400w, https:\/\/gopslubniany.pl\/wp-content\/uploads\/2022\/01\/mapa.jpg 1712w\" sizes=\"auto, (max-width: 1024px) 100vw, 1024px\" \/><\/a><figcaption class=\"wp-element-caption\">Mapa dojazdu<\/figcaption><\/figure><\/div>\n\n\n<div style=\"height:60px\" aria-hidden=\"true\" class=\"wp-block-spacer\"><\/div>\n","protected":false},"excerpt":{"rendered":"<p>Gminny O\u015brodek Pomocy Spo\u0142ecznej w \u0141ubnianach 46-024 \u0141ubniany, ul. Opolska 53a Godziny pracy: poniedzia\u0142ek: 8.00-16.00 wtorek-pi\u0105tek: 7.00-15.00 Centrala: 77 421 19 58 Kierownik w. 23 Ksi\u0119gowo\u015b\u0107 w. 22 Pracownicy socjalni&hellip;<a href=\"https:\/\/gopslubniany.pl\/index.php\/kontakt\/\" class=\"more-link\"><span class=\"more-button\">Wi\u0119cej informacji<span class=\"screen-reader-text\">Kontakt<\/span><\/span><\/a><\/p>\n","protected":false},"author":1,"featured_media":0,"parent":0,"menu_order":0,"comment_status":"closed","ping_status":"closed","template":"","meta":{"footnotes":""},"class_list":["post-10","page","type-page","status-publish","hentry"],"_links":{"self":[{"href":"https:\/\/gopslubniany.pl\/index.php\/wp-json\/wp\/v2\/pages\/10","targetHints":{"allow":["GET"]}}],"collection":[{"href":"https:\/\/gopslubniany.pl\/index.php\/wp-json\/wp\/v2\/pages"}],"about":[{"href":"https:\/\/gopslubniany.pl\/index.php\/wp-json\/wp\/v2\/types\/page"}],"author":[{"embeddable":true,"href":"https:\/\/gopslubniany.pl\/index.php\/wp-json\/wp\/v2\/users\/1"}],"replies":[{"embeddable":true,"href":"https:\/\/gopslubniany.pl\/index.php\/wp-json\/wp\/v2\/comments?post=10"}],"version-history":[{"count":39,"href":"https:\/\/gopslubniany.pl\/index.php\/wp-json\/wp\/v2\/pages\/10\/revisions"}],"predecessor-version":[{"id":2026,"href":"https:\/\/gopslubniany.pl\/index.php\/wp-json\/wp\/v2\/pages\/10\/revisions\/2026"}],"wp:attachment":[{"href":"https:\/\/gopslubniany.pl\/index.php\/wp-json\/wp\/v2\/media?parent=10"}],"curies":[{"name":"wp","href":"https:\/\/api.w.org\/{rel}","templated":true}]}}