{"id":1109,"date":"2022-10-06T18:12:19","date_gmt":"2022-10-06T18:12:19","guid":{"rendered":"http:\/\/gopslubniany.pl\/?page_id=1109"},"modified":"2022-11-02T19:25:40","modified_gmt":"2022-11-02T19:25:40","slug":"dodatek-dla-gospodarstw-domowych-z-tytulu-wykorzystania-niektorych-zrodel-ciepla","status":"publish","type":"page","link":"https:\/\/gopslubniany.pl\/index.php\/dodatek-dla-gospodarstw-domowych-z-tytulu-wykorzystania-niektorych-zrodel-ciepla\/","title":{"rendered":"Dodatek dla gospodarstw domowych z tytu\u0142u wykorzystania niekt\u00f3rych \u017ar\u00f3de\u0142 ciep\u0142a"},"content":{"rendered":"\n<div style=\"height:35px\" aria-hidden=\"true\" class=\"wp-block-spacer\"><\/div>\n\n\n\n<p class=\"has-vivid-cyan-blue-color has-text-color has-medium-font-size\"><strong>Dodatek dla gospodarstw domowych z tytu\u0142u wykorzystywania niekt\u00f3rych \u017ar\u00f3de\u0142 ciep\u0142a (zwany dodatkiem dla gospodarstw domowych)<\/strong><\/p>\n\n\n\n<hr class=\"wp-block-separator has-text-color has-vivid-cyan-blue-color has-alpha-channel-opacity has-vivid-cyan-blue-background-color has-background is-style-wide\"\/>\n\n\n\n<div style=\"height:20px\" aria-hidden=\"true\" class=\"wp-block-spacer\"><\/div>\n\n\n\n<div class=\"wp-block-media-text alignwide has-media-on-the-right is-stacked-on-mobile\" style=\"grid-template-columns:auto 38%\"><figure class=\"wp-block-media-text__media\"><img loading=\"lazy\" decoding=\"async\" width=\"670\" height=\"441\" src=\"http:\/\/gopslubniany.pl\/wp-content\/uploads\/2022\/10\/261915.jpg\" alt=\"\" class=\"wp-image-1120 size-full\" srcset=\"https:\/\/gopslubniany.pl\/wp-content\/uploads\/2022\/10\/261915.jpg 670w, https:\/\/gopslubniany.pl\/wp-content\/uploads\/2022\/10\/261915-300x197.jpg 300w, https:\/\/gopslubniany.pl\/wp-content\/uploads\/2022\/10\/261915-600x395.jpg 600w, https:\/\/gopslubniany.pl\/wp-content\/uploads\/2022\/10\/261915-400x263.jpg 400w\" sizes=\"auto, (max-width: 670px) 100vw, 670px\" \/><\/figure><div class=\"wp-block-media-text__content\">\n<p>Z uwagi na opublikowanie ustawy o szczeg\u00f3lnych rozwi\u0105zaniach w zakresie niekt\u00f3rych \u017ar\u00f3de\u0142 ciep\u0142a w zwi\u0105zku z sytuacj\u0105 na rynku paliw (Dz. U. z 2022r., poz.1967)&nbsp; wprowadzono jednorazowe dodatki dla gospodarstw domowych, kt\u00f3re ogrzewaj\u0105 si\u0119 przy pomocy kot\u0142\u00f3w lub piec\u00f3w na biomas\u0119, LPG lub olej opa\u0142owy, przy czym dla otrzymania dodatku \u017ar\u00f3d\u0142a te musz\u0105 by\u0107 wpisane do Centralnej Ewidencji Emisyjno\u015bci Budynk\u00f3w. <\/p>\n<\/div><\/div>\n\n\n\n<p class=\"has-text-align-center\">Na terenie gminy \u0141ubniany obs\u0142ug\u0119 wniosk\u00f3w o wyp\u0142at\u0119 dodatku dla gospodarstw domowych z tytu\u0142u wykorzystywania niekt\u00f3rych \u017ar\u00f3de\u0142 ciep\u0142a realizuje Gminny O\u015brodek Pomocy Spo\u0142ecznej w \u0141ubnianach.<\/p>\n\n\n\n<div style=\"height:20px\" aria-hidden=\"true\" class=\"wp-block-spacer\"><\/div>\n\n\n\n<ul class=\"wp-block-list\"><li>Dodatek w wysoko\u015bci 3 tys. z\u0142 przys\u0142uguje w przypadku, gdy g\u0142\u00f3wnym \u017ar\u00f3d\u0142em ciep\u0142a jest kocio\u0142 na pelet drzewny lub inny rodzaj biomasy, z wy\u0142\u0105czeniem drewna kawa\u0142kowego.<\/li><li>Dodatek w wysoko\u015bci 1 tys. z\u0142 przys\u0142uguje w przypadku, gdy g\u0142\u00f3wnym \u017ar\u00f3d\u0142em ciep\u0142a jest kocio\u0142 na drewno kawa\u0142kowe.<\/li><li>Dodatek w wysoko\u015bci 2 tys. z\u0142 przys\u0142uguje w przypadku, gdy g\u0142\u00f3wnym \u017ar\u00f3d\u0142em ciep\u0142a jest kocio\u0142 na olej opa\u0142owy.<\/li><li>Dodatek w wysoko\u015bci 500 z\u0142 przys\u0142uguje dla ogrzewania gazem LPG.<\/li><\/ul>\n\n\n\n<p class=\"has-vivid-red-color has-text-color\">W przypadku gdy pod jednym adresem miejsca zamieszkania zamieszkuje wi\u0119cej ni\u017c jedno gospodarstwo domowe, jeden dodatek dla gospodarstw domowych przys\u0142uguje dla wszystkich gospodarstw domowych zamieszkuj\u0105cych pod tym adresem.<\/p>\n\n\n\n<p class=\"has-vivid-red-color has-text-color\">W przypadku gdy wniosek o wyp\u0142at\u0119 dodatku dla gospodarstw domowych z\u0142o\u017cono dla wi\u0119cej ni\u017c jednego gospodarstwa domowego maj\u0105cych ten sam adres miejsca zamieszkania, to dodatek ten jest przyznawany wnioskodawcy, kt\u00f3ry z\u0142o\u017cy\u0142 wniosek jako pierwszy. Pozosta\u0142e wnioski pozostawia si\u0119 bez rozpoznania.<\/p>\n\n\n\n<div style=\"height:26px\" aria-hidden=\"true\" class=\"wp-block-spacer\"><\/div>\n\n\n\n<p class=\"has-vivid-cyan-blue-color has-text-color has-medium-font-size\"><strong>Na potrzeby sk\u0142adania wniosk\u00f3w o wyp\u0142at\u0119 dodatku dla gospodarstw domowych przyjmuje si\u0119, \u017ce:<\/strong><\/p>\n\n\n\n<ul class=\"wp-block-list\"><li>jedna osoba mo\u017ce wchodzi\u0107 w sk\u0142ad tylko jednego gospodarstwa domowego;<\/li><li>gospodarstwo domowe mo\u017ce otrzyma\u0107 dodatek z tytu\u0142u wykorzystania wy\u0142\u0105cznie jednego \u017ar\u00f3d\u0142a ciep\u0142a.<\/li><li>dodatek dla gospodarstw domowych nie przys\u0142uguje gospodarstwom domowym obj\u0119tym pozytywnie rozpatrzonym wnioskiem o wyp\u0142at\u0119 dodatku w\u0119glowego, o kt\u00f3rych mowa w art. 2 ust. 1 ustawy z dnia 5 sierpnia 2022 r. o dodatku w\u0119glowym.<\/li><\/ul>\n\n\n\n<p>Druki wniosk\u00f3w s\u0105 dost\u0119pne na stronie internetowej O\u015brodka Pomocy Spo\u0142ecznej w \u0141ubnianach oraz w wersji papierowej w Gminnym O\u015brodku Pomocy Spo\u0142ecznej w \u0141ubnianach.<\/p>\n\n\n\n<p class=\"has-vivid-cyan-blue-color has-text-color has-medium-font-size\"><strong>Wnioski mo\u017cna sk\u0142ada\u0107:&nbsp;<\/strong><\/p>\n\n\n\n<ul class=\"wp-block-list\"><li>elektronicznie z wykorzystaniem platformy ePUAP do O\u015brodka Pomocy Spo\u0142ecznej w \u0141ubnianach<\/li><li>papierowo w Gminnym O\u015brodku Pomocy Spo\u0142ecznej w \u0141ubnianach przy ul. Opolskiej 53a&nbsp; w godzinach: poniedzia\u0142ek 8:00-16:00, wtorek \u2013 pi\u0105tek 7:00-15:00.<\/li><\/ul>\n\n\n\n<p>Wszelkie dodatkowe informacje mo\u017cna uzyska\u0107 telefonicznie w O\u015brodku Pomocy Spo\u0142ecznej w \u0141ubnianach pod numerem 774211958.<\/p>\n\n\n\n<p>Wniosek o przyznanie dodatku dla gospodarstw domowych mo\u017cna sk\u0142ada\u0107 do dnia 30.11.2022 r.<\/p>\n\n\n\n<p>Wniosek o wyp\u0142at\u0119 dodatku dla gospodarstw domowych z\u0142o\u017cone po dniu 30.11.2022 r. pozostawia si\u0119 bez rozpoznania.<\/p>\n\n\n\n<div style=\"height:30px\" aria-hidden=\"true\" class=\"wp-block-spacer\"><\/div>\n\n\n\n<p class=\"has-vivid-red-color has-text-color has-medium-font-size\"><strong>Dokumenty do pobrania<\/strong><\/p>\n\n\n\n<div class=\"wp-block-file\"><a id=\"wp-block-file--media-1e528115-fd81-4857-a4ec-9ebd734b966b\" href=\"http:\/\/gopslubniany.pl\/wp-content\/uploads\/2022\/10\/img20220926_12095940-scaled.jpg\" target=\"_blank\" rel=\"noreferrer noopener\">Klauzula informacyjna<\/a><\/div>\n\n\n\n<div class=\"wp-block-file\"><a id=\"wp-block-file--media-e17c1894-74d5-48ee-add5-df8acfaaefcd\" href=\"http:\/\/gopslubniany.pl\/wp-content\/uploads\/2022\/11\/Wniosek-o-wyplate-dodatku-dla-gospodarstw-domowych-z-tytulu-wykorzystywania-niektorych-zrodel-ciepla.pdf\" target=\"_blank\" rel=\"noreferrer noopener\">Wniosek o wyp\u0142at\u0119 dodatku dla gospodarstw domowych z tytu\u0142u wykorzystywania niekt\u00f3rych \u017ar\u00f3de\u0142 ciep\u0142a<\/a><\/div>\n\n\n\n<div style=\"height:60px\" aria-hidden=\"true\" class=\"wp-block-spacer\"><\/div>\n","protected":false},"excerpt":{"rendered":"<p>Dodatek dla gospodarstw domowych z tytu\u0142u wykorzystywania niekt\u00f3rych \u017ar\u00f3de\u0142 ciep\u0142a (zwany dodatkiem dla gospodarstw domowych) Z uwagi na opublikowanie ustawy o szczeg\u00f3lnych rozwi\u0105zaniach w zakresie niekt\u00f3rych \u017ar\u00f3de\u0142 ciep\u0142a w zwi\u0105zku&hellip;<a href=\"https:\/\/gopslubniany.pl\/index.php\/dodatek-dla-gospodarstw-domowych-z-tytulu-wykorzystania-niektorych-zrodel-ciepla\/\" class=\"more-link\"><span class=\"more-button\">Wi\u0119cej informacji<span class=\"screen-reader-text\">Dodatek dla gospodarstw domowych z tytu\u0142u wykorzystania niekt\u00f3rych \u017ar\u00f3de\u0142 ciep\u0142a<\/span><\/span><\/a><\/p>\n","protected":false},"author":1,"featured_media":0,"parent":0,"menu_order":0,"comment_status":"closed","ping_status":"closed","template":"","meta":{"footnotes":""},"class_list":["post-1109","page","type-page","status-publish","hentry"],"_links":{"self":[{"href":"https:\/\/gopslubniany.pl\/index.php\/wp-json\/wp\/v2\/pages\/1109","targetHints":{"allow":["GET"]}}],"collection":[{"href":"https:\/\/gopslubniany.pl\/index.php\/wp-json\/wp\/v2\/pages"}],"about":[{"href":"https:\/\/gopslubniany.pl\/index.php\/wp-json\/wp\/v2\/types\/page"}],"author":[{"embeddable":true,"href":"https:\/\/gopslubniany.pl\/index.php\/wp-json\/wp\/v2\/users\/1"}],"replies":[{"embeddable":true,"href":"https:\/\/gopslubniany.pl\/index.php\/wp-json\/wp\/v2\/comments?post=1109"}],"version-history":[{"count":11,"href":"https:\/\/gopslubniany.pl\/index.php\/wp-json\/wp\/v2\/pages\/1109\/revisions"}],"predecessor-version":[{"id":1152,"href":"https:\/\/gopslubniany.pl\/index.php\/wp-json\/wp\/v2\/pages\/1109\/revisions\/1152"}],"wp:attachment":[{"href":"https:\/\/gopslubniany.pl\/index.php\/wp-json\/wp\/v2\/media?parent=1109"}],"curies":[{"name":"wp","href":"https:\/\/api.w.org\/{rel}","templated":true}]}}