{"id":782,"date":"2022-02-18T19:49:50","date_gmt":"2022-02-18T19:49:50","guid":{"rendered":"http:\/\/gopslubniany.pl\/?page_id=782"},"modified":"2022-02-18T19:49:51","modified_gmt":"2022-02-18T19:49:51","slug":"deklaracja-dostepnosci","status":"publish","type":"page","link":"https:\/\/gopslubniany.pl\/index.php\/deklaracja-dostepnosci\/","title":{"rendered":"Deklaracja dost\u0119pno\u015bci"},"content":{"rendered":"\n<div style=\"height:40px\" aria-hidden=\"true\" class=\"wp-block-spacer\"><\/div>\n\n\n\n<p id=\"a11y-wstep\">Gminny O\u015brodek Pomocy Spo\u0142ecznej W \u0141ubnianach\u00a0zobowi\u0105zuje si\u0119 zapewni\u0107 dost\u0119pno\u015b\u0107 swojej strony internetowej zgodnie z przepisami ustawy z dnia 4 kwietnia 2019 r. o dost\u0119pno\u015bci cyfrowej stron internetowych i aplikacji mobilnych podmiot\u00f3w publicznych.<\/p>\n\n\n\n<p>Deklaracja dost\u0119pno\u015bci dotyczy strony internetowej\u00a0<a href=\"http:\/\/www.gov.pl\/dostepnosc-cyfrowa\/deklaracja-dostepnosci-przyklad\">http:\/\/gopslubniany.pl<\/a><\/p>\n\n\n\n<p>Data publikacji strony internetowej:\u00a0\u00a02022-01-03. Data ostatniej du\u017cej aktualizacji:\u00a0\u00a02022-02-18.<\/p>\n\n\n\n<div style=\"height:40px\" aria-hidden=\"true\" class=\"wp-block-spacer\"><\/div>\n\n\n\n<h3 class=\"has-vivid-cyan-blue-color has-text-color wp-block-heading\" id=\"stan-dostepnosci-cyfrowej\">Stan dost\u0119pno\u015bci cyfrowej<\/h3>\n\n\n\n<p id=\"a11y-status\"><strong>Strona internetowa jest cz\u0119\u015bciowo zgodna&nbsp;<\/strong>z ustaw\u0105 z dnia 4 kwietnia 2019 r. o dost\u0119pno\u015bci cyfrowej stron internetowych i aplikacji mobilnych podmiot\u00f3w publicznych z powodu niezgodno\u015bci lub wy\u0142\u0105cze\u0144 wymienionych poni\u017cej.<\/p>\n\n\n\n<h4 class=\"has-vivid-red-color has-text-color wp-block-heading\" id=\"niedostepne-elementy-i-tresci\">Niedost\u0119pne elementy i tre\u015bci<\/h4>\n\n\n\n<ul class=\"wp-block-list\"><li><strong>Formularz kontaktowy nie posiada etykiet tekstowych powi\u0105zanych z polami i mo\u017ce by\u0107 problematyczny dla os\u00f3b korzystaj\u0105cych z czytnika ekranu.\u00a0<\/strong>Mo\u017cesz <a href=\"http:\/\/gopslubniany.pl\/index.php\/kontakt\/\">skontaktowa\u0107 si\u0119 z nami<\/a> pisz\u0105c na adres e-mailowy lub dzwoni\u0105c do nas. <\/li><li><strong>\u201eWirtualny spacer\u201d nie jest dost\u0119pny cyfrowo.<\/strong>\u00a0Zapewnienie dost\u0119pno\u015bci tej funkcji oznacza bardzo wysokie koszty, kt\u00f3re ocenili\u015bmy jako \u201enadmierne obci\u0105\u017cenie\u201d opisane w ustawie o dost\u0119pno\u015bci cyfrowej.\u00a0<\/li><\/ul>\n\n\n\n<div style=\"height:40px\" aria-hidden=\"true\" class=\"wp-block-spacer\"><\/div>\n\n\n\n<h3 class=\"has-vivid-cyan-blue-color has-text-color wp-block-heading\" id=\"przygotowanie-deklaracji-dostepnosci\">Przygotowanie deklaracji dost\u0119pno\u015bci<\/h3>\n\n\n\n<p>Data sporz\u0105dzenia deklaracji:\u00a02022-02-18.<\/p>\n\n\n\n<p>Deklaracj\u0119 sporz\u0105dzono na podstawie samooceny przeprowadzonej przez podmiot publiczny.<\/p>\n\n\n\n<p>Data ostatniego przegl\u0105du deklaracji:\u00a02022-02-18.<\/p>\n\n\n\n<div style=\"height:40px\" aria-hidden=\"true\" class=\"wp-block-spacer\"><\/div>\n\n\n\n<h3 class=\"has-vivid-cyan-blue-color has-text-color wp-block-heading\" id=\"skroty-klawiaturowe\">Skr\u00f3ty klawiaturowe<\/h3>\n\n\n\n<p>Na tej stronie internetowej mo\u017cna korzysta\u0107 ze standardowych skr\u00f3t\u00f3w klawiaturowych.<\/p>\n\n\n\n<div style=\"height:40px\" aria-hidden=\"true\" class=\"wp-block-spacer\"><\/div>\n\n\n\n<h3 class=\"has-vivid-cyan-blue-color has-text-color wp-block-heading\" id=\"informacje-zwrotne-i-dane-kontaktowe\">Informacje zwrotne i dane kontaktowe<\/h3>\n\n\n\n<p>Na tej stronie internetowej s\u0105 problemy, kt\u00f3re wynikaj\u0105 z niespe\u0142nienia wymog\u00f3w dost\u0119pno\u015bci cyfrowej? Zg\u0142o\u015b to do kierownika Gminny O\u015brodek Pomocy Spo\u0142ecznej W \u0141ubnianach, mailowo &#8211;\u00a0<a href=\"mailto:kierownik.gops@lubniany.pl\">kierownik.gops@lubniany.pl<\/a>\u00a0lub telefonicznie &#8211;\u00a0<strong>77 421 19 58<\/strong> w.23<\/p>\n\n\n\n<p>W zg\u0142oszeniu podaj:<\/p>\n\n\n\n<ul class=\"wp-block-list\"><li>swoje imi\u0119 i nazwisko,<\/li><li>swoje&nbsp;dane kontaktowe (np. numer telefonu, e-mail),<\/li><li>dok\u0142adny adres strony internetowej, na kt\u00f3rej jest niedost\u0119pny element lub tre\u015b\u0107,&nbsp;<\/li><li>opis&nbsp;na czym polega problem i jaki spos\u00f3b jego rozwi\u0105zania&nbsp;by\u0142by dla Ciebie najwygodniejszy.<\/li><\/ul>\n\n\n\n<p class=\"has-vivid-red-color has-text-color\" id=\"a11y-procedura\"><strong>Obs\u0142uga wniosk\u00f3w i skarg zwi\u0105zanych z dost\u0119pno\u015bci\u0105&nbsp;<\/strong><\/p>\n\n\n\n<p>Na Twoje zg\u0142oszenie odpowiemy najszybciej jak to mo\u017cliwe, nie p\u00f3\u017aniej ni\u017c w ci\u0105gu 7 dni od jego otrzymania.<\/p>\n\n\n\n<p>Je\u017celi ten termin b\u0119dzie dla nas zbyt kr\u00f3tki poinformujemy Ci\u0119 o tym. W tej informacji podamy nowy termin, do kt\u00f3rego poprawimy zg\u0142oszone przez Ciebie b\u0142\u0119dy lub przygotujemy informacje w alternatywny spos\u00f3b. Ten nowy termin nie b\u0119dzie d\u0142u\u017cszy ni\u017c 2 miesi\u0105ce.<\/p>\n\n\n\n<p>Je\u017celi nie b\u0119dziemy w stanie zapewni\u0107 dost\u0119pno\u015bci cyfrowej strony internetowej lub tre\u015bci, z Twojego zg\u0142oszeniu, zaproponujemy Ci dost\u0119p do nich w alternatywny spos\u00f3b.<\/p>\n\n\n\n<div style=\"height:60px\" aria-hidden=\"true\" class=\"wp-block-spacer\"><\/div>\n","protected":false},"excerpt":{"rendered":"<p>Gminny O\u015brodek Pomocy Spo\u0142ecznej W \u0141ubnianach\u00a0zobowi\u0105zuje si\u0119 zapewni\u0107 dost\u0119pno\u015b\u0107 swojej strony internetowej zgodnie z przepisami ustawy z dnia 4 kwietnia 2019 r. o dost\u0119pno\u015bci cyfrowej stron internetowych i aplikacji mobilnych&hellip;<a href=\"https:\/\/gopslubniany.pl\/index.php\/deklaracja-dostepnosci\/\" class=\"more-link\"><span class=\"more-button\">Wi\u0119cej informacji<span class=\"screen-reader-text\">Deklaracja dost\u0119pno\u015bci<\/span><\/span><\/a><\/p>\n","protected":false},"author":1,"featured_media":0,"parent":0,"menu_order":0,"comment_status":"closed","ping_status":"closed","template":"","meta":{"footnotes":""},"class_list":["post-782","page","type-page","status-publish","hentry"],"_links":{"self":[{"href":"https:\/\/gopslubniany.pl\/index.php\/wp-json\/wp\/v2\/pages\/782","targetHints":{"allow":["GET"]}}],"collection":[{"href":"https:\/\/gopslubniany.pl\/index.php\/wp-json\/wp\/v2\/pages"}],"about":[{"href":"https:\/\/gopslubniany.pl\/index.php\/wp-json\/wp\/v2\/types\/page"}],"author":[{"embeddable":true,"href":"https:\/\/gopslubniany.pl\/index.php\/wp-json\/wp\/v2\/users\/1"}],"replies":[{"embeddable":true,"href":"https:\/\/gopslubniany.pl\/index.php\/wp-json\/wp\/v2\/comments?post=782"}],"version-history":[{"count":6,"href":"https:\/\/gopslubniany.pl\/index.php\/wp-json\/wp\/v2\/pages\/782\/revisions"}],"predecessor-version":[{"id":788,"href":"https:\/\/gopslubniany.pl\/index.php\/wp-json\/wp\/v2\/pages\/782\/revisions\/788"}],"wp:attachment":[{"href":"https:\/\/gopslubniany.pl\/index.php\/wp-json\/wp\/v2\/media?parent=782"}],"curies":[{"name":"wp","href":"https:\/\/api.w.org\/{rel}","templated":true}]}}